{"id":17,"date":"2016-02-25T11:33:34","date_gmt":"2016-02-25T10:33:34","guid":{"rendered":"http:\/\/cichonski.net\/karate\/?page_id=17"},"modified":"2016-03-08T13:06:34","modified_gmt":"2016-03-08T12:06:34","slug":"17-2","status":"publish","type":"page","link":"http:\/\/krakow-karate.pl\/index.php\/17-2\/","title":{"rendered":"&nbsp;"},"content":{"rendered":"<h2 style=\"text-align: center; padding-left: 30px;\"><strong>Shorin-Ryu Karate - Krak\u00f3w<\/strong><\/h2>\r\n<a href=\"http:\/\/okinawakarate.pl\" target=\"_blank\"><img class=\"transparent aligncenter\" title=\"Karate Krak\u00f3w Shorin Ryu\" src=\"http:\/\/okinawakarate.pl\/grafika\/strony\/09\/09_grafa_2.png\" alt=\"Shorin-Ryu Karate Krak\u00f3w\" width=\"136\" height=\"136\" \/><\/a>\r\n\r\n&nbsp;\r\n<blockquote><span style=\"color: #000000;\">\"<em>Przychodz\u0119 do Ciebie tylko z karate, z pustymi r\u0119kami, nie mam \u017cadnej broni, ale je\u017celi b\u0119d\u0119 zmuszony do\u00a0\u00a0 samoobrony, albo obrony swoich zasad, honoru, czy swojej rodziny, lub je\u017celi b\u0119dzie to kwestia \u017cycia czy \u015bmierci, wtedy tutaj mam swoj\u0105 bro\u0144, karate - moje puste r\u0119ce<\/em>\"<\/span>\r\n\r\n<strong> Gichin Funakoshi<\/strong><\/blockquote>\r\n<p style=\"text-align: center;\"><\/p>","protected":false},"excerpt":{"rendered":"<p>Shorin-Ryu Karate &#8211; Krak\u00f3w &nbsp; &#8222;Przychodz\u0119 do Ciebie tylko z karate, z pustymi r\u0119kami, nie mam \u017cadnej broni, ale je\u017celi b\u0119d\u0119 zmuszony do\u00a0\u00a0 samoobrony, albo obrony swoich zasad, honoru, czy swojej rodziny, lub je\u017celi b\u0119dzie to kwestia \u017cycia czy \u015bmierci, wtedy tutaj mam swoj\u0105 bro\u0144, karate &#8211; moje puste r\u0119ce&#8221; Gichin Funakoshi<\/p>\n","protected":false},"author":1,"featured_media":0,"parent":0,"menu_order":0,"comment_status":"closed","ping_status":"closed","template":"","meta":[],"_links":{"self":[{"href":"http:\/\/krakow-karate.pl\/index.php\/wp-json\/wp\/v2\/pages\/17"}],"collection":[{"href":"http:\/\/krakow-karate.pl\/index.php\/wp-json\/wp\/v2\/pages"}],"about":[{"href":"http:\/\/krakow-karate.pl\/index.php\/wp-json\/wp\/v2\/types\/page"}],"author":[{"embeddable":true,"href":"http:\/\/krakow-karate.pl\/index.php\/wp-json\/wp\/v2\/users\/1"}],"replies":[{"embeddable":true,"href":"http:\/\/krakow-karate.pl\/index.php\/wp-json\/wp\/v2\/comments?post=17"}],"version-history":[{"count":16,"href":"http:\/\/krakow-karate.pl\/index.php\/wp-json\/wp\/v2\/pages\/17\/revisions"}],"predecessor-version":[{"id":121,"href":"http:\/\/krakow-karate.pl\/index.php\/wp-json\/wp\/v2\/pages\/17\/revisions\/121"}],"wp:attachment":[{"href":"http:\/\/krakow-karate.pl\/index.php\/wp-json\/wp\/v2\/media?parent=17"}],"curies":[{"name":"wp","href":"https:\/\/api.w.org\/{rel}","templated":true}]}}